{"id":1895,"date":"2024-01-31T14:15:14","date_gmt":"2024-01-31T14:15:14","guid":{"rendered":"https:\/\/ventocase.com\/?post_type=product&#038;p=1895"},"modified":"2025-09-18T13:36:47","modified_gmt":"2025-09-18T13:36:47","slug":"vg4050l","status":"publish","type":"product","link":"https:\/\/ventocase.com\/en\/product\/vg4050l\/","title":{"rendered":"VG4050L"},"content":{"rendered":"","protected":false},"excerpt":{"rendered":"<ul>\n<li><span style=\"color: #ffffff;\"><strong>E\u015f\u015fiz Tasar\u0131ml\u0131 \u00d6n Panel<\/strong><\/span><\/li>\n<li><span style=\"color: #ffffff;\"><strong>Metal Mesh Yan Panel<\/strong><\/span><\/li>\n<li><span style=\"color: #ffffff;\"><strong>4 Pcs ARGB Led Fans<\/strong><\/span><\/li>\n<li><span style=\"color: #ffffff;\"><strong>USB Control and Power Button on Top for User Friendly<\/strong><\/span><\/li>\n<li><span style=\"color: #ffffff;\"><strong>Magnetic Top \/ Bottom Dust Filter<\/strong><\/span><\/li>\n<\/ul>","protected":false},"featured_media":1896,"comment_status":"open","ping_status":"closed","template":"","meta":{"site-sidebar-layout":"default","site-content-layout":"default","ast-global-header-display":"","ast-main-header-display":"","ast-hfb-above-header-display":"","ast-hfb-below-header-display":"","ast-hfb-mobile-header-display":"","site-post-title":"","ast-breadcrumbs-content":"","ast-featured-img":"","footer-sml-layout":"","theme-transparent-header-meta":"default","adv-header-id-meta":"","stick-header-meta":"","header-above-stick-meta":"","header-main-stick-meta":"","header-below-stick-meta":""},"product_cat":[27,17],"product_tag":[],"class_list":["post-1895","product","type-product","status-publish","has-post-thumbnail","hentry","product_cat-e-atx-kasalar","product_cat-oyuncu-kasalari"],"acf":[],"_links":{"self":[{"href":"https:\/\/ventocase.com\/en\/wp-json\/wp\/v2\/product\/1895","targetHints":{"allow":["GET"]}}],"collection":[{"href":"https:\/\/ventocase.com\/en\/wp-json\/wp\/v2\/product"}],"about":[{"href":"https:\/\/ventocase.com\/en\/wp-json\/wp\/v2\/types\/product"}],"replies":[{"embeddable":true,"href":"https:\/\/ventocase.com\/en\/wp-json\/wp\/v2\/comments?post=1895"}],"wp:featuredmedia":[{"embeddable":true,"href":"https:\/\/ventocase.com\/en\/wp-json\/wp\/v2\/media\/1896"}],"wp:attachment":[{"href":"https:\/\/ventocase.com\/en\/wp-json\/wp\/v2\/media?parent=1895"}],"wp:term":[{"taxonomy":"product_cat","embeddable":true,"href":"https:\/\/ventocase.com\/en\/wp-json\/wp\/v2\/product_cat?post=1895"},{"taxonomy":"product_tag","embeddable":true,"href":"https:\/\/ventocase.com\/en\/wp-json\/wp\/v2\/product_tag?post=1895"}],"curies":[{"name":"wp","href":"https:\/\/api.w.org\/{rel}","templated":true}]}}