{"id":1972,"date":"2025-02-05T12:33:18","date_gmt":"2025-02-05T12:33:18","guid":{"rendered":"https:\/\/ventocase.com\/?post_type=product&#038;p=1972"},"modified":"2025-09-18T13:36:20","modified_gmt":"2025-09-18T13:36:20","slug":"1972","status":"publish","type":"product","link":"https:\/\/ventocase.com\/en\/product\/1972\/","title":{"rendered":"VS120S"},"content":{"rendered":"","protected":false},"excerpt":{"rendered":"<ul>\n<li><span style=\"color: #ffffff;\"><strong>ATX Tower<\/strong><\/span><\/li>\n<li><span style=\"color: #ffffff;\"><strong>Useful interior volume<\/strong><\/span><\/li>\n<li><span style=\"color: #ffffff;\"><strong>\u015e\u0131k ve Zarif G\u00f6r\u00fcn\u00fcm<\/strong><\/span><\/li>\n<li><span style=\"color: #ffffff;\"><strong>Control and Power Button on Front Panel<\/strong><\/span><\/li>\n<\/ul>","protected":false},"featured_media":1987,"comment_status":"open","ping_status":"closed","template":"","meta":{"site-sidebar-layout":"default","site-content-layout":"default","ast-global-header-display":"","ast-main-header-display":"","ast-hfb-above-header-display":"","ast-hfb-below-header-display":"","ast-hfb-mobile-header-display":"","site-post-title":"","ast-breadcrumbs-content":"","ast-featured-img":"","footer-sml-layout":"","theme-transparent-header-meta":"default","adv-header-id-meta":"","stick-header-meta":"","header-above-stick-meta":"","header-main-stick-meta":"","header-below-stick-meta":""},"product_cat":[28,20],"product_tag":[],"class_list":["post-1972","product","type-product","status-publish","has-post-thumbnail","hentry","product_cat-kurumsal-atx-kasalar","product_cat-kurumsal-kasalar"],"acf":[],"_links":{"self":[{"href":"https:\/\/ventocase.com\/en\/wp-json\/wp\/v2\/product\/1972","targetHints":{"allow":["GET"]}}],"collection":[{"href":"https:\/\/ventocase.com\/en\/wp-json\/wp\/v2\/product"}],"about":[{"href":"https:\/\/ventocase.com\/en\/wp-json\/wp\/v2\/types\/product"}],"replies":[{"embeddable":true,"href":"https:\/\/ventocase.com\/en\/wp-json\/wp\/v2\/comments?post=1972"}],"wp:featuredmedia":[{"embeddable":true,"href":"https:\/\/ventocase.com\/en\/wp-json\/wp\/v2\/media\/1987"}],"wp:attachment":[{"href":"https:\/\/ventocase.com\/en\/wp-json\/wp\/v2\/media?parent=1972"}],"wp:term":[{"taxonomy":"product_cat","embeddable":true,"href":"https:\/\/ventocase.com\/en\/wp-json\/wp\/v2\/product_cat?post=1972"},{"taxonomy":"product_tag","embeddable":true,"href":"https:\/\/ventocase.com\/en\/wp-json\/wp\/v2\/product_tag?post=1972"}],"curies":[{"name":"wp","href":"https:\/\/api.w.org\/{rel}","templated":true}]}}