{"id":2075,"date":"2025-11-19T05:52:57","date_gmt":"2025-11-19T05:52:57","guid":{"rendered":"https:\/\/ventocase.com\/?post_type=product&#038;p=2075"},"modified":"2025-12-04T12:41:11","modified_gmt":"2025-12-04T12:41:11","slug":"vg4204fa","status":"publish","type":"product","link":"https:\/\/ventocase.com\/en\/product\/vg4204fa\/","title":{"rendered":"VG4204FA"},"content":{"rendered":"","protected":false},"excerpt":{"rendered":"<ul>\n<li><span style=\"color: #ffffff;\"><strong>Panoramik Cam Tasar\u0131ml\u0131 \u00d6n Panel<\/strong><\/span><\/li>\n<li><span style=\"color: #ffffff;\"><strong>Tempered Glass Side Panel<\/strong><\/span><\/li>\n<li><span style=\"color: #ffffff;\"><strong>3 Adet ARGB Led Fan<\/strong><\/span><\/li>\n<li><span style=\"color: #ffffff;\"><strong>Magnetic Top \/ Bottom Dust Filter<\/strong><\/span><\/li>\n<li><span style=\"color: #ffffff;\"><strong>USB Control and Power Button on Top for User Friendly<\/strong><\/span><\/li>\n<li><\/li>\n<\/ul>","protected":false},"featured_media":2076,"comment_status":"open","ping_status":"closed","template":"","meta":{"site-sidebar-layout":"default","site-content-layout":"default","ast-global-header-display":"","ast-main-header-display":"","ast-hfb-above-header-display":"","ast-hfb-below-header-display":"","ast-hfb-mobile-header-display":"","site-post-title":"","ast-breadcrumbs-content":"","ast-featured-img":"","footer-sml-layout":"","theme-transparent-header-meta":"default","adv-header-id-meta":"","stick-header-meta":"","header-above-stick-meta":"","header-main-stick-meta":"","header-below-stick-meta":""},"product_cat":[27,17],"product_tag":[],"class_list":["post-2075","product","type-product","status-publish","has-post-thumbnail","hentry","product_cat-e-atx-kasalar","product_cat-oyuncu-kasalari"],"acf":[],"_links":{"self":[{"href":"https:\/\/ventocase.com\/en\/wp-json\/wp\/v2\/product\/2075","targetHints":{"allow":["GET"]}}],"collection":[{"href":"https:\/\/ventocase.com\/en\/wp-json\/wp\/v2\/product"}],"about":[{"href":"https:\/\/ventocase.com\/en\/wp-json\/wp\/v2\/types\/product"}],"replies":[{"embeddable":true,"href":"https:\/\/ventocase.com\/en\/wp-json\/wp\/v2\/comments?post=2075"}],"wp:featuredmedia":[{"embeddable":true,"href":"https:\/\/ventocase.com\/en\/wp-json\/wp\/v2\/media\/2076"}],"wp:attachment":[{"href":"https:\/\/ventocase.com\/en\/wp-json\/wp\/v2\/media?parent=2075"}],"wp:term":[{"taxonomy":"product_cat","embeddable":true,"href":"https:\/\/ventocase.com\/en\/wp-json\/wp\/v2\/product_cat?post=2075"},{"taxonomy":"product_tag","embeddable":true,"href":"https:\/\/ventocase.com\/en\/wp-json\/wp\/v2\/product_tag?post=2075"}],"curies":[{"name":"wp","href":"https:\/\/api.w.org\/{rel}","templated":true}]}}