{"id":2124,"date":"2026-03-12T07:34:34","date_gmt":"2026-03-12T07:34:34","guid":{"rendered":"https:\/\/ventocase.com\/?post_type=product&#038;p=2124"},"modified":"2026-04-13T09:02:11","modified_gmt":"2026-04-13T09:02:11","slug":"vg4206fsa","status":"publish","type":"product","link":"https:\/\/ventocase.com\/en\/product\/vg4206fsa\/","title":{"rendered":"VG4206FSA"},"content":{"rendered":"","protected":false},"excerpt":{"rendered":"<ul>\n<li><span style=\"color: #ffffff;\"><strong data-start=\"155\" data-end=\"182\">9,16&#8221; Entegre \u00d6n Panel Ekran\u0131<\/strong><\/span><\/li>\n<li><span style=\"color: #ffffff;\"><strong data-start=\"189\" data-end=\"210\">G\u00fc\u00e7l\u00fc RGB So\u011futma<\/strong><\/span><\/li>\n<li><span style=\"color: #ffffff;\"><strong data-start=\"217\" data-end=\"242\">Panoramik Cam Tasar\u0131m<\/strong><\/span><\/li>\n<li><span style=\"color: #ffffff;\"><strong data-start=\"249\" data-end=\"272\">Optimize Hava Ak\u0131\u015f\u0131<\/strong><\/span><\/li>\n<li><span style=\"color: #ffffff;\"><strong data-start=\"279\" data-end=\"307\">Geni\u015f Donan\u0131m Uyumlulu\u011fu<\/strong><\/span><\/li>\n<li><span style=\"color: #ffffff;\"><strong>Uygulama:<\/strong>\u00a0<a style=\"color: #ffffff;\" href=\"https:\/\/drive.google.com\/file\/d\/11Lc9fomUPXdIXdKGDLnaRDDCRDYdIqT9\/view?usp=sharing\">https:\/\/drive.google.com\/file\/d\/11Lc9fomUPXdIXdKGDLnaRDDCRDYdIqT9\/view?usp=sharing<\/a><\/span><\/li>\n<\/ul>","protected":false},"featured_media":2129,"comment_status":"open","ping_status":"closed","template":"","meta":{"site-sidebar-layout":"default","site-content-layout":"default","ast-global-header-display":"","ast-main-header-display":"","ast-hfb-above-header-display":"","ast-hfb-below-header-display":"","ast-hfb-mobile-header-display":"","site-post-title":"","ast-breadcrumbs-content":"","ast-featured-img":"","footer-sml-layout":"","theme-transparent-header-meta":"default","adv-header-id-meta":"","stick-header-meta":"","header-above-stick-meta":"","header-main-stick-meta":"","header-below-stick-meta":""},"product_cat":[27,17],"product_tag":[],"class_list":["post-2124","product","type-product","status-publish","has-post-thumbnail","hentry","product_cat-e-atx-kasalar","product_cat-oyuncu-kasalari"],"acf":[],"_links":{"self":[{"href":"https:\/\/ventocase.com\/en\/wp-json\/wp\/v2\/product\/2124","targetHints":{"allow":["GET"]}}],"collection":[{"href":"https:\/\/ventocase.com\/en\/wp-json\/wp\/v2\/product"}],"about":[{"href":"https:\/\/ventocase.com\/en\/wp-json\/wp\/v2\/types\/product"}],"replies":[{"embeddable":true,"href":"https:\/\/ventocase.com\/en\/wp-json\/wp\/v2\/comments?post=2124"}],"wp:featuredmedia":[{"embeddable":true,"href":"https:\/\/ventocase.com\/en\/wp-json\/wp\/v2\/media\/2129"}],"wp:attachment":[{"href":"https:\/\/ventocase.com\/en\/wp-json\/wp\/v2\/media?parent=2124"}],"wp:term":[{"taxonomy":"product_cat","embeddable":true,"href":"https:\/\/ventocase.com\/en\/wp-json\/wp\/v2\/product_cat?post=2124"},{"taxonomy":"product_tag","embeddable":true,"href":"https:\/\/ventocase.com\/en\/wp-json\/wp\/v2\/product_tag?post=2124"}],"curies":[{"name":"wp","href":"https:\/\/api.w.org\/{rel}","templated":true}]}}